{"id":36,"date":"2017-10-24T08:26:00","date_gmt":"2017-10-24T08:26:00","guid":{"rendered":"http:\/\/www.vilniauspenkiakove.lt\/f\/?page_id=36"},"modified":"2017-10-24T18:35:29","modified_gmt":"2017-10-24T18:35:29","slug":"sportuokite-kartu","status":"publish","type":"page","link":"http:\/\/www.vilniauspenkiakove.lt\/f\/sportuokite-kartu\/","title":{"rendered":"SPORTUOKITE KARTU"},"content":{"rendered":"<h4><em>Kvie\u010diame \u012fvairaus am\u017eiaus berniukus ir mergaites lankyti \u0161iuolaikin\u0117s penkiakov\u0117s treniruotes. Platesn\u0117 informacija telefonu: <\/em><\/h4>\n<h4><em>+370 678 18785 arba +370 683 11773<\/em><\/h4>\n","protected":false},"excerpt":{"rendered":"<p>Kvie\u010diame \u012fvairaus am\u017eiaus berniukus ir mergaites lankyti \u0161iuolaikin\u0117s penkiakov\u0117s treniruotes. Platesn\u0117 informacija telefonu: +370 678 18785 arba +370 683 11773<\/p>\n","protected":false},"author":1,"featured_media":0,"parent":0,"menu_order":0,"comment_status":"closed","ping_status":"closed","template":"","meta":{"footnotes":""},"class_list":["post-36","page","type-page","status-publish","hentry"],"yoast_head":"<!-- This site is optimized with the Yoast SEO plugin v21.8.1 - https:\/\/yoast.com\/wordpress\/plugins\/seo\/ -->\n<title>SPORTUOKITE KARTU - Vilniaus penkiakov\u0117<\/title>\n<meta name=\"robots\" content=\"index, follow, max-snippet:-1, max-image-preview:large, max-video-preview:-1\" \/>\n<link rel=\"canonical\" href=\"http:\/\/www.vilniauspenkiakove.lt\/f\/sportuokite-kartu\/\" \/>\n<meta property=\"og:locale\" content=\"lt_LT\" \/>\n<meta property=\"og:type\" content=\"article\" \/>\n<meta property=\"og:title\" content=\"SPORTUOKITE KARTU - Vilniaus penkiakov\u0117\" \/>\n<meta property=\"og:description\" content=\"Kvie\u010diame \u012fvairaus am\u017eiaus berniukus ir mergaites lankyti \u0161iuolaikin\u0117s penkiakov\u0117s treniruotes. Platesn\u0117 informacija telefonu: +370 678 18785 arba +370 683 11773\" \/>\n<meta property=\"og:url\" content=\"http:\/\/www.vilniauspenkiakove.lt\/f\/sportuokite-kartu\/\" \/>\n<meta property=\"og:site_name\" content=\"Vilniaus penkiakov\u0117\" \/>\n<meta property=\"article:publisher\" content=\"https:\/\/www.facebook.com\/vilniauspenkiakove\" \/>\n<meta property=\"article:modified_time\" content=\"2017-10-24T18:35:29+00:00\" \/>\n<meta name=\"twitter:card\" content=\"summary_large_image\" \/>\n<script type=\"application\/ld+json\" class=\"yoast-schema-graph\">{\"@context\":\"https:\/\/schema.org\",\"@graph\":[{\"@type\":\"WebPage\",\"@id\":\"http:\/\/www.vilniauspenkiakove.lt\/f\/sportuokite-kartu\/\",\"url\":\"http:\/\/www.vilniauspenkiakove.lt\/f\/sportuokite-kartu\/\",\"name\":\"SPORTUOKITE KARTU - Vilniaus penkiakov\u0117\",\"isPartOf\":{\"@id\":\"http:\/\/www.vilniauspenkiakove.lt\/f\/#website\"},\"datePublished\":\"2017-10-24T08:26:00+00:00\",\"dateModified\":\"2017-10-24T18:35:29+00:00\",\"breadcrumb\":{\"@id\":\"http:\/\/www.vilniauspenkiakove.lt\/f\/sportuokite-kartu\/#breadcrumb\"},\"inLanguage\":\"lt-LT\",\"potentialAction\":[{\"@type\":\"ReadAction\",\"target\":[\"http:\/\/www.vilniauspenkiakove.lt\/f\/sportuokite-kartu\/\"]}]},{\"@type\":\"BreadcrumbList\",\"@id\":\"http:\/\/www.vilniauspenkiakove.lt\/f\/sportuokite-kartu\/#breadcrumb\",\"itemListElement\":[{\"@type\":\"ListItem\",\"position\":1,\"name\":\"Home\",\"item\":\"http:\/\/www.vilniauspenkiakove.lt\/f\/\"},{\"@type\":\"ListItem\",\"position\":2,\"name\":\"SPORTUOKITE KARTU\"}]},{\"@type\":\"WebSite\",\"@id\":\"http:\/\/www.vilniauspenkiakove.lt\/f\/#website\",\"url\":\"http:\/\/www.vilniauspenkiakove.lt\/f\/\",\"name\":\"Vilniaus penkiakov\u0117\",\"description\":\"Sporto klubas\",\"publisher\":{\"@id\":\"http:\/\/www.vilniauspenkiakove.lt\/f\/#organization\"},\"potentialAction\":[{\"@type\":\"SearchAction\",\"target\":{\"@type\":\"EntryPoint\",\"urlTemplate\":\"http:\/\/www.vilniauspenkiakove.lt\/f\/?s={search_term_string}\"},\"query-input\":\"required name=search_term_string\"}],\"inLanguage\":\"lt-LT\"},{\"@type\":\"Organization\",\"@id\":\"http:\/\/www.vilniauspenkiakove.lt\/f\/#organization\",\"name\":\"Vilniaus penkiakov\u0117\",\"url\":\"http:\/\/www.vilniauspenkiakove.lt\/f\/\",\"logo\":{\"@type\":\"ImageObject\",\"inLanguage\":\"lt-LT\",\"@id\":\"http:\/\/www.vilniauspenkiakove.lt\/f\/#\/schema\/logo\/image\/\",\"url\":\"http:\/\/www.vilniauspenkiakove.lt\/f\/wp-content\/uploads\/2017\/10\/logotipas.jpg\",\"contentUrl\":\"http:\/\/www.vilniauspenkiakove.lt\/f\/wp-content\/uploads\/2017\/10\/logotipas.jpg\",\"width\":1424,\"height\":1200,\"caption\":\"Vilniaus penkiakov\u0117\"},\"image\":{\"@id\":\"http:\/\/www.vilniauspenkiakove.lt\/f\/#\/schema\/logo\/image\/\"},\"sameAs\":[\"https:\/\/www.facebook.com\/vilniauspenkiakove\"]}]}<\/script>\n<!-- \/ Yoast SEO plugin. -->","yoast_head_json":{"title":"SPORTUOKITE KARTU - Vilniaus penkiakov\u0117","robots":{"index":"index","follow":"follow","max-snippet":"max-snippet:-1","max-image-preview":"max-image-preview:large","max-video-preview":"max-video-preview:-1"},"canonical":"http:\/\/www.vilniauspenkiakove.lt\/f\/sportuokite-kartu\/","og_locale":"lt_LT","og_type":"article","og_title":"SPORTUOKITE KARTU - Vilniaus penkiakov\u0117","og_description":"Kvie\u010diame \u012fvairaus am\u017eiaus berniukus ir mergaites lankyti \u0161iuolaikin\u0117s penkiakov\u0117s treniruotes. Platesn\u0117 informacija telefonu: +370 678 18785 arba +370 683 11773","og_url":"http:\/\/www.vilniauspenkiakove.lt\/f\/sportuokite-kartu\/","og_site_name":"Vilniaus penkiakov\u0117","article_publisher":"https:\/\/www.facebook.com\/vilniauspenkiakove","article_modified_time":"2017-10-24T18:35:29+00:00","twitter_card":"summary_large_image","schema":{"@context":"https:\/\/schema.org","@graph":[{"@type":"WebPage","@id":"http:\/\/www.vilniauspenkiakove.lt\/f\/sportuokite-kartu\/","url":"http:\/\/www.vilniauspenkiakove.lt\/f\/sportuokite-kartu\/","name":"SPORTUOKITE KARTU - Vilniaus penkiakov\u0117","isPartOf":{"@id":"http:\/\/www.vilniauspenkiakove.lt\/f\/#website"},"datePublished":"2017-10-24T08:26:00+00:00","dateModified":"2017-10-24T18:35:29+00:00","breadcrumb":{"@id":"http:\/\/www.vilniauspenkiakove.lt\/f\/sportuokite-kartu\/#breadcrumb"},"inLanguage":"lt-LT","potentialAction":[{"@type":"ReadAction","target":["http:\/\/www.vilniauspenkiakove.lt\/f\/sportuokite-kartu\/"]}]},{"@type":"BreadcrumbList","@id":"http:\/\/www.vilniauspenkiakove.lt\/f\/sportuokite-kartu\/#breadcrumb","itemListElement":[{"@type":"ListItem","position":1,"name":"Home","item":"http:\/\/www.vilniauspenkiakove.lt\/f\/"},{"@type":"ListItem","position":2,"name":"SPORTUOKITE KARTU"}]},{"@type":"WebSite","@id":"http:\/\/www.vilniauspenkiakove.lt\/f\/#website","url":"http:\/\/www.vilniauspenkiakove.lt\/f\/","name":"Vilniaus penkiakov\u0117","description":"Sporto klubas","publisher":{"@id":"http:\/\/www.vilniauspenkiakove.lt\/f\/#organization"},"potentialAction":[{"@type":"SearchAction","target":{"@type":"EntryPoint","urlTemplate":"http:\/\/www.vilniauspenkiakove.lt\/f\/?s={search_term_string}"},"query-input":"required name=search_term_string"}],"inLanguage":"lt-LT"},{"@type":"Organization","@id":"http:\/\/www.vilniauspenkiakove.lt\/f\/#organization","name":"Vilniaus penkiakov\u0117","url":"http:\/\/www.vilniauspenkiakove.lt\/f\/","logo":{"@type":"ImageObject","inLanguage":"lt-LT","@id":"http:\/\/www.vilniauspenkiakove.lt\/f\/#\/schema\/logo\/image\/","url":"http:\/\/www.vilniauspenkiakove.lt\/f\/wp-content\/uploads\/2017\/10\/logotipas.jpg","contentUrl":"http:\/\/www.vilniauspenkiakove.lt\/f\/wp-content\/uploads\/2017\/10\/logotipas.jpg","width":1424,"height":1200,"caption":"Vilniaus penkiakov\u0117"},"image":{"@id":"http:\/\/www.vilniauspenkiakove.lt\/f\/#\/schema\/logo\/image\/"},"sameAs":["https:\/\/www.facebook.com\/vilniauspenkiakove"]}]}},"_links":{"self":[{"href":"http:\/\/www.vilniauspenkiakove.lt\/f\/wp-json\/wp\/v2\/pages\/36","targetHints":{"allow":["GET"]}}],"collection":[{"href":"http:\/\/www.vilniauspenkiakove.lt\/f\/wp-json\/wp\/v2\/pages"}],"about":[{"href":"http:\/\/www.vilniauspenkiakove.lt\/f\/wp-json\/wp\/v2\/types\/page"}],"author":[{"embeddable":true,"href":"http:\/\/www.vilniauspenkiakove.lt\/f\/wp-json\/wp\/v2\/users\/1"}],"replies":[{"embeddable":true,"href":"http:\/\/www.vilniauspenkiakove.lt\/f\/wp-json\/wp\/v2\/comments?post=36"}],"version-history":[{"count":3,"href":"http:\/\/www.vilniauspenkiakove.lt\/f\/wp-json\/wp\/v2\/pages\/36\/revisions"}],"predecessor-version":[{"id":128,"href":"http:\/\/www.vilniauspenkiakove.lt\/f\/wp-json\/wp\/v2\/pages\/36\/revisions\/128"}],"wp:attachment":[{"href":"http:\/\/www.vilniauspenkiakove.lt\/f\/wp-json\/wp\/v2\/media?parent=36"}],"curies":[{"name":"wp","href":"https:\/\/api.w.org\/{rel}","templated":true}]}}