{"id":35,"date":"2017-10-24T08:26:00","date_gmt":"2017-10-24T05:26:00","guid":{"rendered":"http:\/\/www.vilniauspenkiakove.lt\/f\/?page_id=35"},"modified":"2025-01-27T09:09:53","modified_gmt":"2025-01-27T07:09:53","slug":"skirkite-1-2","status":"publish","type":"page","link":"http:\/\/www.vilniauspenkiakove.lt\/f\/skirkite-1-2\/","title":{"rendered":"SKIRKITE 1,2%"},"content":{"rendered":"<div class=\"entry-content\">\n<h4 class=\"wp-block-heading\"><em>Pra\u0161ymas pervesti iki 1,2 procent\u0173 pajam\u0173 mokes\u010dio<\/em><\/h4>\n<\/div>\n<p><em>Jei tur\u0117jote apmokestinam\u0173 pajam\u0173, tuomet kiekvienais metais iki gegu\u017e\u0117s 1 d. galite paskirti dal\u012f savo sumok\u0117to pajam\u0173 mokes\u010dio labdarai. Turin\u010dioms teis\u0119 gauti param\u0105 organizacijoms galima skirti iki 1,2 proc. savo pajam\u0173 mokes\u010dio.<br \/><\/em><\/p>\n<p><em>Papras\u010diausias b\u016bdas &#8211; u\u017epildyti FR0512_2 form\u0105 internetu. Reikia savo internetin\u0117s bankininkyst\u0117s pagalba prisijunti prie Valsybin\u0117s mokes\u010di\u0173 inspekcijos EDS (Elektroninio deklaravimo sistemos) ir u\u017epidyti FR0512_2 form\u0105. Prisijungimo duomenis rasite \u010dia.<\/em><\/p>\n<p><em>\u0160iuolaikin\u0117s penkiakov\u0117s klubas \u201eVilniaus penkiakov\u0117\u201c<\/em><\/p>\n<p><em>Paramos gav\u0117jo identifikacinis kodas: 303569440<\/em><\/p>\n<p><em>S\u0105skaitos Nr. LT32 7300 0101 4213 1931<\/em><\/p>\n<p><em>I\u0161 anksto d\u0117kojame mus par\u0117musius!<\/em><\/p>\n<p><em>1 \u2013 \u012fra\u0161ykite savo asmens kod\u0105<\/em><\/p>\n<p><em>2 \u2013 \u012fra\u0161ykite savo telefono numer\u012f (kod\u0105 ir numer\u012f)<\/em><\/p>\n<p><em>3V\u2013 \u012fra\u0161ykite savo vard\u0105<\/em><\/p>\n<p><em>3P \u2013 \u012fra\u0161ykite pavard\u0119<\/em><\/p>\n<p><em>4 \u2013 \u012fra\u0161ykite savo gyvenam\u0105j\u0105 viet\u0105 (miestas, gatv\u0117, namo nr., buto nr.)<\/em><\/p>\n<p><em>5 \u2013 \u012fra\u0161ykite mokestin\u012f laikotarp\u012f (2023)<\/em><\/p>\n<p><em>6S \u2013 u\u017ed\u0117kite kry\u017eel\u012f<\/em><\/p>\n<p><em>6A \u2013nepildyti<\/em><\/p>\n<p><em>E1 \u2013 \u012fra\u0161ykite 1,2<\/em><\/p>\n<p><em>E2 \u2013 \u012fra\u0161ykite paramos gav\u0117jo kod\u0105: 303569440<\/em><\/p>\n<p><em>E3 \u2013 \u012fra\u0161ykite paramos gav\u0117jo pavadinim\u0105 \u2013 \u201eVilniaus penkiakov\u0117\u201c<\/em><\/p>\n<p><em>E4 \u2013 \u012fra\u0161ykite 1,20<\/em><\/p>\n<p><em>E5 \u2013 turi b\u016bti u\u017epildomas, jei pajam\u0173 mokes\u010dio dal\u012f pageidaujate skirti ilgiau kaip vienerius metus. Tokiu atveju E5 laukelyje turi b\u016bti \u012fra\u0161omi laikotarpio pabaigos metai, t.y. paskutinis mokestinis laikotarpis, kurio pajam\u0173 mokes\u010dio dal\u012f pra\u0161oma pervesti. E5 laukelyje \u012fra\u0161omas laikotarpis neturi b\u016bti ilgesnis kaip 5 metai, pradedant skai\u010diuoti nuo pra\u0161ymo 5 laukelyje nurodyt\u0173 met\u0173. Pavyzd\u017eiui, siekiant paskirti 2016, 2017, 2018, 2019 ir 2020 m. mokestini\u0173 laikotarpi\u0173 pajam\u0173 mokes\u010dio dal\u012f, pakaks pateikti tik vien\u0105 \u0161i\u0173 met\u0173 pra\u0161ym\u0105, kurio E5 laukelyje yra \u012fra\u0161yti 2020 m. Atsi\u017evelgiant \u012f tok\u012f pra\u0161ym\u0105, pajam\u0173 mokes\u010dio dalis bus pervesta automati\u0161kai u\u017e 2016, 2017, 2018, 2019 ir 2020 m. mokestin\u012f laikotarp\u012f.<\/em><\/p>\n<p><em>Formos apa\u010dioje para\u0161ykite savo vard\u0105 bei pavard\u0119.<\/em><\/p>\n<p><em>D\u0117kojame i\u0161 anksto!<\/em><\/p>\n<p>\u00a0<\/p>\n\n\n<figure class=\"wp-block-embed is-type-video is-provider-youtube wp-block-embed-youtube wp-embed-aspect-16-9 wp-has-aspect-ratio\"><div class=\"wp-block-embed__wrapper\">\n<iframe loading=\"lazy\" title=\"Kaip skirti dal\u012f GPM paramai vedliu?\" width=\"870\" height=\"489\" src=\"https:\/\/www.youtube.com\/embed\/VVpaY-FFbKk?start=60&#038;feature=oembed\" frameborder=\"0\" allow=\"accelerometer; autoplay; clipboard-write; encrypted-media; gyroscope; picture-in-picture; web-share\" referrerpolicy=\"strict-origin-when-cross-origin\" allowfullscreen><\/iframe>\n<\/div><\/figure>\n","protected":false},"excerpt":{"rendered":"<p>Pra\u0161ymas pervesti iki 1,2 procent\u0173 pajam\u0173 mokes\u010dio Jei tur\u0117jote apmokestinam\u0173 pajam\u0173, tuomet kiekvienais metais iki gegu\u017e\u0117s 1 d. galite paskirti dal\u012f savo sumok\u0117to pajam\u0173 mokes\u010dio labdarai. Turin\u010dioms teis\u0119 gauti param\u0105 organizacijoms galima skirti iki 1,2 proc. savo pajam\u0173 mokes\u010dio. Papras\u010diausias b\u016bdas &#8211; u\u017epildyti FR0512_2 form\u0105 internetu. Reikia savo internetin\u0117s bankininkyst\u0117s pagalba prisijunti prie Valsybin\u0117s mokes\u010di\u0173 [&hellip;]<\/p>\n","protected":false},"author":1,"featured_media":0,"parent":0,"menu_order":0,"comment_status":"closed","ping_status":"closed","template":"","meta":{"footnotes":""},"class_list":["post-35","page","type-page","status-publish","hentry"],"yoast_head":"<!-- This site is optimized with the Yoast SEO plugin v21.8.1 - https:\/\/yoast.com\/wordpress\/plugins\/seo\/ -->\n<title>SKIRKITE 1,2% - Vilniaus penkiakov\u0117<\/title>\n<meta name=\"robots\" content=\"index, follow, max-snippet:-1, max-image-preview:large, max-video-preview:-1\" \/>\n<link rel=\"canonical\" href=\"http:\/\/www.vilniauspenkiakove.lt\/f\/skirkite-1-2\/\" \/>\n<meta property=\"og:locale\" content=\"lt_LT\" \/>\n<meta property=\"og:type\" content=\"article\" \/>\n<meta property=\"og:title\" content=\"SKIRKITE 1,2% - Vilniaus penkiakov\u0117\" \/>\n<meta property=\"og:description\" content=\"Pra\u0161ymas pervesti iki 1,2 procent\u0173 pajam\u0173 mokes\u010dio Jei tur\u0117jote apmokestinam\u0173 pajam\u0173, tuomet kiekvienais metais iki gegu\u017e\u0117s 1 d. galite paskirti dal\u012f savo sumok\u0117to pajam\u0173 mokes\u010dio labdarai. Turin\u010dioms teis\u0119 gauti param\u0105 organizacijoms galima skirti iki 1,2 proc. savo pajam\u0173 mokes\u010dio. Papras\u010diausias b\u016bdas &#8211; u\u017epildyti FR0512_2 form\u0105 internetu. Reikia savo internetin\u0117s bankininkyst\u0117s pagalba prisijunti prie Valsybin\u0117s mokes\u010di\u0173 [&hellip;]\" \/>\n<meta property=\"og:url\" content=\"http:\/\/www.vilniauspenkiakove.lt\/f\/skirkite-1-2\/\" \/>\n<meta property=\"og:site_name\" content=\"Vilniaus penkiakov\u0117\" \/>\n<meta property=\"article:publisher\" content=\"https:\/\/www.facebook.com\/vilniauspenkiakove\" \/>\n<meta property=\"article:modified_time\" content=\"2025-01-27T07:09:53+00:00\" \/>\n<meta name=\"twitter:card\" content=\"summary_large_image\" \/>\n<meta name=\"twitter:label1\" content=\"Est. reading time\" \/>\n\t<meta name=\"twitter:data1\" content=\"2 minut\u0117s\" \/>\n<script type=\"application\/ld+json\" class=\"yoast-schema-graph\">{\"@context\":\"https:\/\/schema.org\",\"@graph\":[{\"@type\":\"WebPage\",\"@id\":\"http:\/\/www.vilniauspenkiakove.lt\/f\/skirkite-1-2\/\",\"url\":\"http:\/\/www.vilniauspenkiakove.lt\/f\/skirkite-1-2\/\",\"name\":\"SKIRKITE 1,2% - Vilniaus penkiakov\u0117\",\"isPartOf\":{\"@id\":\"http:\/\/www.vilniauspenkiakove.lt\/f\/#website\"},\"datePublished\":\"2017-10-24T05:26:00+00:00\",\"dateModified\":\"2025-01-27T07:09:53+00:00\",\"breadcrumb\":{\"@id\":\"http:\/\/www.vilniauspenkiakove.lt\/f\/skirkite-1-2\/#breadcrumb\"},\"inLanguage\":\"lt-LT\",\"potentialAction\":[{\"@type\":\"ReadAction\",\"target\":[\"http:\/\/www.vilniauspenkiakove.lt\/f\/skirkite-1-2\/\"]}]},{\"@type\":\"BreadcrumbList\",\"@id\":\"http:\/\/www.vilniauspenkiakove.lt\/f\/skirkite-1-2\/#breadcrumb\",\"itemListElement\":[{\"@type\":\"ListItem\",\"position\":1,\"name\":\"Home\",\"item\":\"http:\/\/www.vilniauspenkiakove.lt\/f\/\"},{\"@type\":\"ListItem\",\"position\":2,\"name\":\"SKIRKITE 1,2%\"}]},{\"@type\":\"WebSite\",\"@id\":\"http:\/\/www.vilniauspenkiakove.lt\/f\/#website\",\"url\":\"http:\/\/www.vilniauspenkiakove.lt\/f\/\",\"name\":\"Vilniaus penkiakov\u0117\",\"description\":\"Sporto klubas\",\"publisher\":{\"@id\":\"http:\/\/www.vilniauspenkiakove.lt\/f\/#organization\"},\"potentialAction\":[{\"@type\":\"SearchAction\",\"target\":{\"@type\":\"EntryPoint\",\"urlTemplate\":\"http:\/\/www.vilniauspenkiakove.lt\/f\/?s={search_term_string}\"},\"query-input\":\"required name=search_term_string\"}],\"inLanguage\":\"lt-LT\"},{\"@type\":\"Organization\",\"@id\":\"http:\/\/www.vilniauspenkiakove.lt\/f\/#organization\",\"name\":\"Vilniaus penkiakov\u0117\",\"url\":\"http:\/\/www.vilniauspenkiakove.lt\/f\/\",\"logo\":{\"@type\":\"ImageObject\",\"inLanguage\":\"lt-LT\",\"@id\":\"http:\/\/www.vilniauspenkiakove.lt\/f\/#\/schema\/logo\/image\/\",\"url\":\"http:\/\/www.vilniauspenkiakove.lt\/f\/wp-content\/uploads\/2017\/10\/logotipas.jpg\",\"contentUrl\":\"http:\/\/www.vilniauspenkiakove.lt\/f\/wp-content\/uploads\/2017\/10\/logotipas.jpg\",\"width\":1424,\"height\":1200,\"caption\":\"Vilniaus penkiakov\u0117\"},\"image\":{\"@id\":\"http:\/\/www.vilniauspenkiakove.lt\/f\/#\/schema\/logo\/image\/\"},\"sameAs\":[\"https:\/\/www.facebook.com\/vilniauspenkiakove\"]}]}<\/script>\n<!-- \/ Yoast SEO plugin. -->","yoast_head_json":{"title":"SKIRKITE 1,2% - Vilniaus penkiakov\u0117","robots":{"index":"index","follow":"follow","max-snippet":"max-snippet:-1","max-image-preview":"max-image-preview:large","max-video-preview":"max-video-preview:-1"},"canonical":"http:\/\/www.vilniauspenkiakove.lt\/f\/skirkite-1-2\/","og_locale":"lt_LT","og_type":"article","og_title":"SKIRKITE 1,2% - Vilniaus penkiakov\u0117","og_description":"Pra\u0161ymas pervesti iki 1,2 procent\u0173 pajam\u0173 mokes\u010dio Jei tur\u0117jote apmokestinam\u0173 pajam\u0173, tuomet kiekvienais metais iki gegu\u017e\u0117s 1 d. galite paskirti dal\u012f savo sumok\u0117to pajam\u0173 mokes\u010dio labdarai. Turin\u010dioms teis\u0119 gauti param\u0105 organizacijoms galima skirti iki 1,2 proc. savo pajam\u0173 mokes\u010dio. Papras\u010diausias b\u016bdas &#8211; u\u017epildyti FR0512_2 form\u0105 internetu. Reikia savo internetin\u0117s bankininkyst\u0117s pagalba prisijunti prie Valsybin\u0117s mokes\u010di\u0173 [&hellip;]","og_url":"http:\/\/www.vilniauspenkiakove.lt\/f\/skirkite-1-2\/","og_site_name":"Vilniaus penkiakov\u0117","article_publisher":"https:\/\/www.facebook.com\/vilniauspenkiakove","article_modified_time":"2025-01-27T07:09:53+00:00","twitter_card":"summary_large_image","twitter_misc":{"Est. reading time":"2 minut\u0117s"},"schema":{"@context":"https:\/\/schema.org","@graph":[{"@type":"WebPage","@id":"http:\/\/www.vilniauspenkiakove.lt\/f\/skirkite-1-2\/","url":"http:\/\/www.vilniauspenkiakove.lt\/f\/skirkite-1-2\/","name":"SKIRKITE 1,2% - Vilniaus penkiakov\u0117","isPartOf":{"@id":"http:\/\/www.vilniauspenkiakove.lt\/f\/#website"},"datePublished":"2017-10-24T05:26:00+00:00","dateModified":"2025-01-27T07:09:53+00:00","breadcrumb":{"@id":"http:\/\/www.vilniauspenkiakove.lt\/f\/skirkite-1-2\/#breadcrumb"},"inLanguage":"lt-LT","potentialAction":[{"@type":"ReadAction","target":["http:\/\/www.vilniauspenkiakove.lt\/f\/skirkite-1-2\/"]}]},{"@type":"BreadcrumbList","@id":"http:\/\/www.vilniauspenkiakove.lt\/f\/skirkite-1-2\/#breadcrumb","itemListElement":[{"@type":"ListItem","position":1,"name":"Home","item":"http:\/\/www.vilniauspenkiakove.lt\/f\/"},{"@type":"ListItem","position":2,"name":"SKIRKITE 1,2%"}]},{"@type":"WebSite","@id":"http:\/\/www.vilniauspenkiakove.lt\/f\/#website","url":"http:\/\/www.vilniauspenkiakove.lt\/f\/","name":"Vilniaus penkiakov\u0117","description":"Sporto klubas","publisher":{"@id":"http:\/\/www.vilniauspenkiakove.lt\/f\/#organization"},"potentialAction":[{"@type":"SearchAction","target":{"@type":"EntryPoint","urlTemplate":"http:\/\/www.vilniauspenkiakove.lt\/f\/?s={search_term_string}"},"query-input":"required name=search_term_string"}],"inLanguage":"lt-LT"},{"@type":"Organization","@id":"http:\/\/www.vilniauspenkiakove.lt\/f\/#organization","name":"Vilniaus penkiakov\u0117","url":"http:\/\/www.vilniauspenkiakove.lt\/f\/","logo":{"@type":"ImageObject","inLanguage":"lt-LT","@id":"http:\/\/www.vilniauspenkiakove.lt\/f\/#\/schema\/logo\/image\/","url":"http:\/\/www.vilniauspenkiakove.lt\/f\/wp-content\/uploads\/2017\/10\/logotipas.jpg","contentUrl":"http:\/\/www.vilniauspenkiakove.lt\/f\/wp-content\/uploads\/2017\/10\/logotipas.jpg","width":1424,"height":1200,"caption":"Vilniaus penkiakov\u0117"},"image":{"@id":"http:\/\/www.vilniauspenkiakove.lt\/f\/#\/schema\/logo\/image\/"},"sameAs":["https:\/\/www.facebook.com\/vilniauspenkiakove"]}]}},"_links":{"self":[{"href":"http:\/\/www.vilniauspenkiakove.lt\/f\/wp-json\/wp\/v2\/pages\/35","targetHints":{"allow":["GET"]}}],"collection":[{"href":"http:\/\/www.vilniauspenkiakove.lt\/f\/wp-json\/wp\/v2\/pages"}],"about":[{"href":"http:\/\/www.vilniauspenkiakove.lt\/f\/wp-json\/wp\/v2\/types\/page"}],"author":[{"embeddable":true,"href":"http:\/\/www.vilniauspenkiakove.lt\/f\/wp-json\/wp\/v2\/users\/1"}],"replies":[{"embeddable":true,"href":"http:\/\/www.vilniauspenkiakove.lt\/f\/wp-json\/wp\/v2\/comments?post=35"}],"version-history":[{"count":9,"href":"http:\/\/www.vilniauspenkiakove.lt\/f\/wp-json\/wp\/v2\/pages\/35\/revisions"}],"predecessor-version":[{"id":441,"href":"http:\/\/www.vilniauspenkiakove.lt\/f\/wp-json\/wp\/v2\/pages\/35\/revisions\/441"}],"wp:attachment":[{"href":"http:\/\/www.vilniauspenkiakove.lt\/f\/wp-json\/wp\/v2\/media?parent=35"}],"curies":[{"name":"wp","href":"https:\/\/api.w.org\/{rel}","templated":true}]}}