{"id":173,"date":"2017-12-21T13:57:38","date_gmt":"2017-12-21T11:57:38","guid":{"rendered":"http:\/\/www.vilniauspenkiakove.lt\/f\/?page_id=173"},"modified":"2025-01-23T00:00:07","modified_gmt":"2025-01-22T22:00:07","slug":"rezultatai","status":"publish","type":"page","link":"http:\/\/www.vilniauspenkiakove.lt\/f\/rezultatai\/","title":{"rendered":"REZULTATAI"},"content":{"rendered":"\n<p>LIETUVOS \u017dIEMOS \u010cEMPIONATAS<\/p>\n\n\n\n<figure class=\"wp-block-embed is-type-wp-embed is-provider-pentathlon wp-block-embed-pentathlon\"><div class=\"wp-block-embed__wrapper\">\nhttps:\/\/pentathlon.lt\/rezultatai\/2025-lietuvos-ziemos-cempionatas\/\n<\/div><\/figure>\n\n\n\n<p>\u0160IUOLAIKIN\u0116S PENKIAKOV\u0116S PIRMAS ETAPAS 2024<\/p>\n\n\n\n<figure class=\"wp-block-embed is-type-wp-embed is-provider-laserrun-lt wp-block-embed-laserrun-lt\"><div class=\"wp-block-embed__wrapper\">\n<blockquote class=\"wp-embedded-content\" data-secret=\"8zgBwYt1O2\"><a href=\"https:\/\/laserrun.lt\/2024-taures-i-etapo-varzybos\/\">2024 TAUR\u0116S I ETAPO VAR\u017dYBOS<\/a><\/blockquote><iframe loading=\"lazy\" class=\"wp-embedded-content\" sandbox=\"allow-scripts\" security=\"restricted\" style=\"position: absolute; clip: rect(1px, 1px, 1px, 1px);\" title=\"&#8220;2024 TAUR\u0116S I ETAPO VAR\u017dYBOS&#8221; &#8212; Laserrun.lt\" src=\"https:\/\/laserrun.lt\/2024-taures-i-etapo-varzybos\/embed\/#?secret=Wr5RlCkR9D#?secret=8zgBwYt1O2\" data-secret=\"8zgBwYt1O2\" width=\"600\" height=\"338\" frameborder=\"0\" marginwidth=\"0\" marginheight=\"0\" scrolling=\"no\"><\/iframe>\n<\/div><\/figure>\n\n\n\n<p><em>VMSC NAUJAMETINIS TURNYRAS 2017<br><\/em><\/p>\n\n\n\n<p><a href=\"http:\/\/www.vilniauspenkiakove.lt\/f\/wp-content\/uploads\/2017\/12\/Boys-U15.pdf\">Boys U15<\/a><\/p>\n\n\n\n<p><a href=\"http:\/\/www.vilniauspenkiakove.lt\/f\/wp-content\/uploads\/2017\/12\/Girs-U15.pdf\">Girs U15<\/a><\/p>\n\n\n\n<p><a href=\"http:\/\/www.vilniauspenkiakove.lt\/f\/wp-content\/uploads\/2017\/12\/Boys-U13.pdf\">Boys U13<\/a><\/p>\n\n\n\n<p><a href=\"http:\/\/www.vilniauspenkiakove.lt\/f\/wp-content\/uploads\/2017\/12\/Girls-U13.pdf\">Girls U13<\/a><\/p>\n\n\n\n<p><a href=\"http:\/\/www.vilniauspenkiakove.lt\/f\/wp-content\/uploads\/2017\/12\/Boys-U11.pdf\">Boys U11<\/a><\/p>\n\n\n\n<p><a href=\"http:\/\/www.vilniauspenkiakove.lt\/f\/wp-content\/uploads\/2017\/12\/Girls-U11.pdf\">Girls U11<\/a><\/p>\n\n\n\n<p><em>ATVIRAS KAUNO MIESTO \u010cEMPIONATAS 2017<br><\/em><\/p>\n\n\n\n<p><a href=\"http:\/\/www.vilniauspenkiakove.lt\/f\/wp-content\/uploads\/2017\/12\/U17-VAIK.-ASM.-2.pdf\">U17 VAIK. ASM.<\/a><\/p>\n\n\n\n<p><a href=\"http:\/\/www.vilniauspenkiakove.lt\/f\/wp-content\/uploads\/2017\/12\/U17-MERG.-ASM.-2.pdf\">U17 MERG. ASM.<\/a><\/p>\n\n\n\n<p><a href=\"http:\/\/www.vilniauspenkiakove.lt\/f\/wp-content\/uploads\/2017\/12\/U15-VAIK.-ASM..pdf\">U15 VAIK. ASM.<\/a><\/p>\n\n\n\n<p><a href=\"http:\/\/www.vilniauspenkiakove.lt\/f\/wp-content\/uploads\/2017\/12\/U15-VAIK.-KOM..pdf\">U15 VAIK. KOM.<\/a><\/p>\n\n\n\n<p><a href=\"http:\/\/www.vilniauspenkiakove.lt\/f\/wp-content\/uploads\/2017\/12\/U15-MERG.-ASM..pdf\">U15 MERG. ASM.<\/a><\/p>\n\n\n\n<p><a href=\"http:\/\/www.vilniauspenkiakove.lt\/f\/wp-content\/uploads\/2017\/12\/U15-MERG.-KOM..pdf\">U15 MERG. KOM.<\/a><\/p>\n\n\n\n<p><a href=\"http:\/\/www.vilniauspenkiakove.lt\/f\/wp-content\/uploads\/2017\/12\/U13-VAIK.-ASM..pdf\">U13 VAIK. ASM.<\/a><\/p>\n\n\n\n<p><a href=\"http:\/\/www.vilniauspenkiakove.lt\/f\/wp-content\/uploads\/2017\/12\/U13-VAIK.-KOM..pdf\">U13 VAIK. KOM.<\/a><\/p>\n\n\n\n<p><a href=\"http:\/\/www.vilniauspenkiakove.lt\/f\/wp-content\/uploads\/2017\/12\/U13-MERG.-ASM..pdf\">U13 MERG. ASM.<\/a><\/p>\n\n\n\n<p><a href=\"http:\/\/www.vilniauspenkiakove.lt\/f\/wp-content\/uploads\/2017\/12\/U13-MERG.-KOM..pdf\">U13 MERG. KOM.<\/a><\/p>\n\n\n\n<p><a href=\"http:\/\/www.vilniauspenkiakove.lt\/f\/wp-content\/uploads\/2017\/12\/U11-VAIK.-ASM..pdf\">U11 VAIK. ASM.<\/a><\/p>\n\n\n\n<p><a href=\"http:\/\/www.vilniauspenkiakove.lt\/f\/wp-content\/uploads\/2017\/12\/U11-VAIK.-KOM..pdf\">U11 VAIK. KOM.<\/a><\/p>\n\n\n\n<p><a href=\"http:\/\/www.vilniauspenkiakove.lt\/f\/wp-content\/uploads\/2017\/12\/U11-MERG.-ASM..pdf\">U11 MERG. ASM.<\/a><\/p>\n\n\n\n<p><a href=\"http:\/\/www.vilniauspenkiakove.lt\/f\/wp-content\/uploads\/2017\/12\/U11-MERG.-KOM..pdf\">U11 MERG. KOM.<\/a><\/p>\n","protected":false},"excerpt":{"rendered":"<p>LIETUVOS \u017dIEMOS \u010cEMPIONATAS \u0160IUOLAIKIN\u0116S PENKIAKOV\u0116S PIRMAS ETAPAS 2024 VMSC NAUJAMETINIS TURNYRAS 2017 Boys U15 Girs U15 Boys U13 Girls U13 Boys U11 Girls U11 ATVIRAS KAUNO MIESTO \u010cEMPIONATAS 2017 U17 VAIK. ASM. U17 MERG. ASM. U15 VAIK. ASM. U15 VAIK. KOM. U15 MERG. ASM. U15 MERG. KOM. U13 VAIK. ASM. U13 VAIK. KOM. U13 MERG. [&hellip;]<\/p>\n","protected":false},"author":1,"featured_media":0,"parent":0,"menu_order":0,"comment_status":"closed","ping_status":"closed","template":"","meta":{"footnotes":""},"class_list":["post-173","page","type-page","status-publish","hentry"],"yoast_head":"<!-- This site is optimized with the Yoast SEO plugin v21.8.1 - https:\/\/yoast.com\/wordpress\/plugins\/seo\/ -->\n<title>REZULTATAI - Vilniaus penkiakov\u0117<\/title>\n<meta name=\"robots\" content=\"index, follow, max-snippet:-1, max-image-preview:large, max-video-preview:-1\" \/>\n<link rel=\"canonical\" href=\"http:\/\/www.vilniauspenkiakove.lt\/f\/rezultatai\/\" \/>\n<meta property=\"og:locale\" content=\"lt_LT\" \/>\n<meta property=\"og:type\" content=\"article\" \/>\n<meta property=\"og:title\" content=\"REZULTATAI - Vilniaus penkiakov\u0117\" \/>\n<meta property=\"og:description\" content=\"LIETUVOS \u017dIEMOS \u010cEMPIONATAS \u0160IUOLAIKIN\u0116S PENKIAKOV\u0116S PIRMAS ETAPAS 2024 VMSC NAUJAMETINIS TURNYRAS 2017 Boys U15 Girs U15 Boys U13 Girls U13 Boys U11 Girls U11 ATVIRAS KAUNO MIESTO \u010cEMPIONATAS 2017 U17 VAIK. ASM. U17 MERG. ASM. U15 VAIK. ASM. U15 VAIK. KOM. U15 MERG. ASM. U15 MERG. KOM. U13 VAIK. ASM. U13 VAIK. KOM. U13 MERG. [&hellip;]\" \/>\n<meta property=\"og:url\" content=\"http:\/\/www.vilniauspenkiakove.lt\/f\/rezultatai\/\" \/>\n<meta property=\"og:site_name\" content=\"Vilniaus penkiakov\u0117\" \/>\n<meta property=\"article:publisher\" content=\"https:\/\/www.facebook.com\/vilniauspenkiakove\" \/>\n<meta property=\"article:modified_time\" content=\"2025-01-22T22:00:07+00:00\" \/>\n<meta name=\"twitter:card\" content=\"summary_large_image\" \/>\n<meta name=\"twitter:label1\" content=\"Est. reading time\" \/>\n\t<meta name=\"twitter:data1\" content=\"1 minut\u0117\" \/>\n<script type=\"application\/ld+json\" class=\"yoast-schema-graph\">{\"@context\":\"https:\/\/schema.org\",\"@graph\":[{\"@type\":\"WebPage\",\"@id\":\"http:\/\/www.vilniauspenkiakove.lt\/f\/rezultatai\/\",\"url\":\"http:\/\/www.vilniauspenkiakove.lt\/f\/rezultatai\/\",\"name\":\"REZULTATAI - Vilniaus penkiakov\u0117\",\"isPartOf\":{\"@id\":\"http:\/\/www.vilniauspenkiakove.lt\/f\/#website\"},\"datePublished\":\"2017-12-21T11:57:38+00:00\",\"dateModified\":\"2025-01-22T22:00:07+00:00\",\"breadcrumb\":{\"@id\":\"http:\/\/www.vilniauspenkiakove.lt\/f\/rezultatai\/#breadcrumb\"},\"inLanguage\":\"lt-LT\",\"potentialAction\":[{\"@type\":\"ReadAction\",\"target\":[\"http:\/\/www.vilniauspenkiakove.lt\/f\/rezultatai\/\"]}]},{\"@type\":\"BreadcrumbList\",\"@id\":\"http:\/\/www.vilniauspenkiakove.lt\/f\/rezultatai\/#breadcrumb\",\"itemListElement\":[{\"@type\":\"ListItem\",\"position\":1,\"name\":\"Home\",\"item\":\"http:\/\/www.vilniauspenkiakove.lt\/f\/\"},{\"@type\":\"ListItem\",\"position\":2,\"name\":\"REZULTATAI\"}]},{\"@type\":\"WebSite\",\"@id\":\"http:\/\/www.vilniauspenkiakove.lt\/f\/#website\",\"url\":\"http:\/\/www.vilniauspenkiakove.lt\/f\/\",\"name\":\"Vilniaus penkiakov\u0117\",\"description\":\"Sporto klubas\",\"publisher\":{\"@id\":\"http:\/\/www.vilniauspenkiakove.lt\/f\/#organization\"},\"potentialAction\":[{\"@type\":\"SearchAction\",\"target\":{\"@type\":\"EntryPoint\",\"urlTemplate\":\"http:\/\/www.vilniauspenkiakove.lt\/f\/?s={search_term_string}\"},\"query-input\":\"required name=search_term_string\"}],\"inLanguage\":\"lt-LT\"},{\"@type\":\"Organization\",\"@id\":\"http:\/\/www.vilniauspenkiakove.lt\/f\/#organization\",\"name\":\"Vilniaus penkiakov\u0117\",\"url\":\"http:\/\/www.vilniauspenkiakove.lt\/f\/\",\"logo\":{\"@type\":\"ImageObject\",\"inLanguage\":\"lt-LT\",\"@id\":\"http:\/\/www.vilniauspenkiakove.lt\/f\/#\/schema\/logo\/image\/\",\"url\":\"http:\/\/www.vilniauspenkiakove.lt\/f\/wp-content\/uploads\/2017\/10\/logotipas.jpg\",\"contentUrl\":\"http:\/\/www.vilniauspenkiakove.lt\/f\/wp-content\/uploads\/2017\/10\/logotipas.jpg\",\"width\":1424,\"height\":1200,\"caption\":\"Vilniaus penkiakov\u0117\"},\"image\":{\"@id\":\"http:\/\/www.vilniauspenkiakove.lt\/f\/#\/schema\/logo\/image\/\"},\"sameAs\":[\"https:\/\/www.facebook.com\/vilniauspenkiakove\"]}]}<\/script>\n<!-- \/ Yoast SEO plugin. -->","yoast_head_json":{"title":"REZULTATAI - Vilniaus penkiakov\u0117","robots":{"index":"index","follow":"follow","max-snippet":"max-snippet:-1","max-image-preview":"max-image-preview:large","max-video-preview":"max-video-preview:-1"},"canonical":"http:\/\/www.vilniauspenkiakove.lt\/f\/rezultatai\/","og_locale":"lt_LT","og_type":"article","og_title":"REZULTATAI - Vilniaus penkiakov\u0117","og_description":"LIETUVOS \u017dIEMOS \u010cEMPIONATAS \u0160IUOLAIKIN\u0116S PENKIAKOV\u0116S PIRMAS ETAPAS 2024 VMSC NAUJAMETINIS TURNYRAS 2017 Boys U15 Girs U15 Boys U13 Girls U13 Boys U11 Girls U11 ATVIRAS KAUNO MIESTO \u010cEMPIONATAS 2017 U17 VAIK. ASM. U17 MERG. ASM. U15 VAIK. ASM. U15 VAIK. KOM. U15 MERG. ASM. U15 MERG. KOM. U13 VAIK. ASM. U13 VAIK. KOM. U13 MERG. [&hellip;]","og_url":"http:\/\/www.vilniauspenkiakove.lt\/f\/rezultatai\/","og_site_name":"Vilniaus penkiakov\u0117","article_publisher":"https:\/\/www.facebook.com\/vilniauspenkiakove","article_modified_time":"2025-01-22T22:00:07+00:00","twitter_card":"summary_large_image","twitter_misc":{"Est. reading time":"1 minut\u0117"},"schema":{"@context":"https:\/\/schema.org","@graph":[{"@type":"WebPage","@id":"http:\/\/www.vilniauspenkiakove.lt\/f\/rezultatai\/","url":"http:\/\/www.vilniauspenkiakove.lt\/f\/rezultatai\/","name":"REZULTATAI - Vilniaus penkiakov\u0117","isPartOf":{"@id":"http:\/\/www.vilniauspenkiakove.lt\/f\/#website"},"datePublished":"2017-12-21T11:57:38+00:00","dateModified":"2025-01-22T22:00:07+00:00","breadcrumb":{"@id":"http:\/\/www.vilniauspenkiakove.lt\/f\/rezultatai\/#breadcrumb"},"inLanguage":"lt-LT","potentialAction":[{"@type":"ReadAction","target":["http:\/\/www.vilniauspenkiakove.lt\/f\/rezultatai\/"]}]},{"@type":"BreadcrumbList","@id":"http:\/\/www.vilniauspenkiakove.lt\/f\/rezultatai\/#breadcrumb","itemListElement":[{"@type":"ListItem","position":1,"name":"Home","item":"http:\/\/www.vilniauspenkiakove.lt\/f\/"},{"@type":"ListItem","position":2,"name":"REZULTATAI"}]},{"@type":"WebSite","@id":"http:\/\/www.vilniauspenkiakove.lt\/f\/#website","url":"http:\/\/www.vilniauspenkiakove.lt\/f\/","name":"Vilniaus penkiakov\u0117","description":"Sporto klubas","publisher":{"@id":"http:\/\/www.vilniauspenkiakove.lt\/f\/#organization"},"potentialAction":[{"@type":"SearchAction","target":{"@type":"EntryPoint","urlTemplate":"http:\/\/www.vilniauspenkiakove.lt\/f\/?s={search_term_string}"},"query-input":"required name=search_term_string"}],"inLanguage":"lt-LT"},{"@type":"Organization","@id":"http:\/\/www.vilniauspenkiakove.lt\/f\/#organization","name":"Vilniaus penkiakov\u0117","url":"http:\/\/www.vilniauspenkiakove.lt\/f\/","logo":{"@type":"ImageObject","inLanguage":"lt-LT","@id":"http:\/\/www.vilniauspenkiakove.lt\/f\/#\/schema\/logo\/image\/","url":"http:\/\/www.vilniauspenkiakove.lt\/f\/wp-content\/uploads\/2017\/10\/logotipas.jpg","contentUrl":"http:\/\/www.vilniauspenkiakove.lt\/f\/wp-content\/uploads\/2017\/10\/logotipas.jpg","width":1424,"height":1200,"caption":"Vilniaus penkiakov\u0117"},"image":{"@id":"http:\/\/www.vilniauspenkiakove.lt\/f\/#\/schema\/logo\/image\/"},"sameAs":["https:\/\/www.facebook.com\/vilniauspenkiakove"]}]}},"_links":{"self":[{"href":"http:\/\/www.vilniauspenkiakove.lt\/f\/wp-json\/wp\/v2\/pages\/173","targetHints":{"allow":["GET"]}}],"collection":[{"href":"http:\/\/www.vilniauspenkiakove.lt\/f\/wp-json\/wp\/v2\/pages"}],"about":[{"href":"http:\/\/www.vilniauspenkiakove.lt\/f\/wp-json\/wp\/v2\/types\/page"}],"author":[{"embeddable":true,"href":"http:\/\/www.vilniauspenkiakove.lt\/f\/wp-json\/wp\/v2\/users\/1"}],"replies":[{"embeddable":true,"href":"http:\/\/www.vilniauspenkiakove.lt\/f\/wp-json\/wp\/v2\/comments?post=173"}],"version-history":[{"count":13,"href":"http:\/\/www.vilniauspenkiakove.lt\/f\/wp-json\/wp\/v2\/pages\/173\/revisions"}],"predecessor-version":[{"id":436,"href":"http:\/\/www.vilniauspenkiakove.lt\/f\/wp-json\/wp\/v2\/pages\/173\/revisions\/436"}],"wp:attachment":[{"href":"http:\/\/www.vilniauspenkiakove.lt\/f\/wp-json\/wp\/v2\/media?parent=173"}],"curies":[{"name":"wp","href":"https:\/\/api.w.org\/{rel}","templated":true}]}}